{"id":87,"date":"2025-07-28T10:51:04","date_gmt":"2025-07-28T08:51:04","guid":{"rendered":"https:\/\/joanescolatastings.com\/?page_id=87"},"modified":"2026-04-01T15:03:35","modified_gmt":"2026-04-01T13:03:35","slug":"catas-y-degustaciones","status":"publish","type":"page","link":"https:\/\/joanescolatastings.com\/en\/catas-y-degustaciones\/","title":{"rendered":"Exclusive Tasting\/Wine &amp; Wine Pairing"},"content":{"rendered":"<div class=\"wp-block-columns is-layout-flex wp-container-core-columns-is-layout-92db96b8 wp-block-columns-is-layout-flex\">\n<div class=\"wp-block-column is-layout-flow wp-block-column-is-layout-flow\">\n<p class=\"has-text-align-center wp-block-paragraph\"><strong>Private environment<\/strong><\/p>\n\n\n\n<figure class=\"wp-block-image size-full\"><img data-recalc-dims=\"1\" loading=\"lazy\" decoding=\"async\" width=\"559\" height=\"390\" data-attachment-id=\"245\" data-permalink=\"https:\/\/joanescolatastings.com\/en\/catas-y-degustaciones\/90021aa3-1792-4260-ac13-1832abb4db6e\/\" data-orig-file=\"https:\/\/i0.wp.com\/joanescolatastings.com\/wp-content\/uploads\/2025\/09\/90021aa3-1792-4260-ac13-1832abb4db6e.png?fit=559%2C390&amp;ssl=1\" data-orig-size=\"559,390\" data-comments-opened=\"1\" data-image-meta=\"{&quot;aperture&quot;:&quot;0&quot;,&quot;credit&quot;:&quot;&quot;,&quot;camera&quot;:&quot;&quot;,&quot;caption&quot;:&quot;&quot;,&quot;created_timestamp&quot;:&quot;0&quot;,&quot;copyright&quot;:&quot;&quot;,&quot;focal_length&quot;:&quot;0&quot;,&quot;iso&quot;:&quot;0&quot;,&quot;shutter_speed&quot;:&quot;0&quot;,&quot;title&quot;:&quot;&quot;,&quot;orientation&quot;:&quot;0&quot;}\" data-image-title=\"Cava\" data-image-description=\"\" data-image-caption=\"\" data-large-file=\"https:\/\/i0.wp.com\/joanescolatastings.com\/wp-content\/uploads\/2025\/09\/90021aa3-1792-4260-ac13-1832abb4db6e.png?fit=559%2C390&amp;ssl=1\" src=\"https:\/\/i0.wp.com\/joanescolatastings.com\/wp-content\/uploads\/2025\/09\/90021aa3-1792-4260-ac13-1832abb4db6e.png?resize=559%2C390&#038;ssl=1\" alt=\"\" class=\"wp-image-245\" style=\"aspect-ratio:1.5000189014478509\" srcset=\"https:\/\/i0.wp.com\/joanescolatastings.com\/wp-content\/uploads\/2025\/09\/90021aa3-1792-4260-ac13-1832abb4db6e.png?w=559&amp;ssl=1 559w, https:\/\/i0.wp.com\/joanescolatastings.com\/wp-content\/uploads\/2025\/09\/90021aa3-1792-4260-ac13-1832abb4db6e.png?resize=300%2C209&amp;ssl=1 300w, https:\/\/i0.wp.com\/joanescolatastings.com\/wp-content\/uploads\/2025\/09\/90021aa3-1792-4260-ac13-1832abb4db6e.png?resize=18%2C12&amp;ssl=1 18w\" sizes=\"auto, (max-width: 559px) 100vw, 559px\" \/><\/figure>\n\n\n\n<p class=\"has-text-align-center wp-block-paragraph\">Multipurpose space. 200m2 cellar with bar and lounge in the basement of Magatzem Escol\u00e0.<\/p>\n<\/div>\n\n\n\n<div class=\"wp-block-column is-layout-flow wp-block-column-is-layout-flow\">\n<p class=\"has-text-align-center wp-block-paragraph\"><strong>Exclusive product<\/strong><\/p>\n\n\n\n<figure class=\"wp-block-image size-full is-resized\"><img data-recalc-dims=\"1\" loading=\"lazy\" decoding=\"async\" width=\"559\" height=\"390\" data-attachment-id=\"246\" data-permalink=\"https:\/\/joanescolatastings.com\/en\/catas-y-degustaciones\/m-esc-81\/\" data-orig-file=\"https:\/\/i0.wp.com\/joanescolatastings.com\/wp-content\/uploads\/2025\/09\/M.Esc-81.png?fit=559%2C390&amp;ssl=1\" data-orig-size=\"559,390\" data-comments-opened=\"1\" data-image-meta=\"{&quot;aperture&quot;:&quot;0&quot;,&quot;credit&quot;:&quot;&quot;,&quot;camera&quot;:&quot;&quot;,&quot;caption&quot;:&quot;&quot;,&quot;created_timestamp&quot;:&quot;0&quot;,&quot;copyright&quot;:&quot;&quot;,&quot;focal_length&quot;:&quot;0&quot;,&quot;iso&quot;:&quot;0&quot;,&quot;shutter_speed&quot;:&quot;0&quot;,&quot;title&quot;:&quot;&quot;,&quot;orientation&quot;:&quot;0&quot;}\" data-image-title=\"M.Esc-81\" data-image-description=\"\" data-image-caption=\"\" data-large-file=\"https:\/\/i0.wp.com\/joanescolatastings.com\/wp-content\/uploads\/2025\/09\/M.Esc-81.png?fit=559%2C390&amp;ssl=1\" src=\"https:\/\/i0.wp.com\/joanescolatastings.com\/wp-content\/uploads\/2025\/09\/M.Esc-81.png?resize=559%2C390&#038;ssl=1\" alt=\"\" class=\"wp-image-246\" style=\"aspect-ratio:1.5000189014478509;width:559px;height:auto\" srcset=\"https:\/\/i0.wp.com\/joanescolatastings.com\/wp-content\/uploads\/2025\/09\/M.Esc-81.png?w=559&amp;ssl=1 559w, https:\/\/i0.wp.com\/joanescolatastings.com\/wp-content\/uploads\/2025\/09\/M.Esc-81.png?resize=300%2C209&amp;ssl=1 300w, https:\/\/i0.wp.com\/joanescolatastings.com\/wp-content\/uploads\/2025\/09\/M.Esc-81.png?resize=18%2C12&amp;ssl=1 18w\" sizes=\"auto, (max-width: 559px) 100vw, 559px\" \/><\/figure>\n\n\n\n<p class=\"has-text-align-center wp-block-paragraph\"><strong>Escol\u00e0 Vins i Destil-lats is a benchmark in the distribution of wines and distillates in Catalonia.<\/strong>.<\/p>\n<\/div>\n\n\n\n<div class=\"wp-block-column is-layout-flow wp-block-column-is-layout-flow\">\n<p class=\"has-text-align-center wp-block-paragraph\"><strong>Casual tasting<\/strong><\/p>\n\n\n\n<figure class=\"wp-block-image size-full is-resized\"><img data-recalc-dims=\"1\" loading=\"lazy\" decoding=\"async\" width=\"559\" height=\"390\" data-attachment-id=\"247\" data-permalink=\"https:\/\/joanescolatastings.com\/en\/catas-y-degustaciones\/listas-15\/\" data-orig-file=\"https:\/\/i0.wp.com\/joanescolatastings.com\/wp-content\/uploads\/2025\/09\/listas-15.png?fit=559%2C390&amp;ssl=1\" data-orig-size=\"559,390\" data-comments-opened=\"1\" data-image-meta=\"{&quot;aperture&quot;:&quot;0&quot;,&quot;credit&quot;:&quot;&quot;,&quot;camera&quot;:&quot;&quot;,&quot;caption&quot;:&quot;&quot;,&quot;created_timestamp&quot;:&quot;0&quot;,&quot;copyright&quot;:&quot;&quot;,&quot;focal_length&quot;:&quot;0&quot;,&quot;iso&quot;:&quot;0&quot;,&quot;shutter_speed&quot;:&quot;0&quot;,&quot;title&quot;:&quot;&quot;,&quot;orientation&quot;:&quot;0&quot;}\" data-image-title=\"listas-15\" data-image-description=\"\" data-image-caption=\"\" data-large-file=\"https:\/\/i0.wp.com\/joanescolatastings.com\/wp-content\/uploads\/2025\/09\/listas-15.png?fit=559%2C390&amp;ssl=1\" src=\"https:\/\/i0.wp.com\/joanescolatastings.com\/wp-content\/uploads\/2025\/09\/listas-15.png?resize=559%2C390&#038;ssl=1\" alt=\"\" class=\"wp-image-247\" style=\"aspect-ratio:1.5000189014478509;width:559px;height:auto\" srcset=\"https:\/\/i0.wp.com\/joanescolatastings.com\/wp-content\/uploads\/2025\/09\/listas-15.png?w=559&amp;ssl=1 559w, https:\/\/i0.wp.com\/joanescolatastings.com\/wp-content\/uploads\/2025\/09\/listas-15.png?resize=300%2C209&amp;ssl=1 300w, https:\/\/i0.wp.com\/joanescolatastings.com\/wp-content\/uploads\/2025\/09\/listas-15.png?resize=18%2C12&amp;ssl=1 18w\" sizes=\"auto, (max-width: 559px) 100vw, 559px\" \/><\/figure>\n\n\n\n<p class=\"has-text-align-center wp-block-paragraph\">Our tastings are informal, focused on the discovery of the product and the enjoyment of the moment.<\/p>\n<\/div>\n<\/div>\n\n\n\n<div class=\"wp-block-group alignfull is-style-section-3 has-global-padding is-content-justification-center is-layout-constrained wp-container-core-group-is-layout-a96b2c49 wp-block-group-is-layout-constrained\" style=\"margin-top:0;margin-bottom:0;padding-top:var(--wp--preset--spacing--50);padding-bottom:var(--wp--preset--spacing--50)\">\n<h2 class=\"wp-block-heading alignwide wp-container-content-958eb9dc\">Tastings<\/h2>\n\n\n\n<div class=\"wp-block-columns alignwide is-layout-flex wp-container-core-columns-is-layout-ef54e2c1 wp-block-columns-is-layout-flex\">\n<div class=\"wp-block-column is-layout-flow wp-container-core-column-is-layout-5eef52ef wp-block-column-is-layout-flow\">\n<div class=\"wp-block-group is-layout-flow wp-container-core-group-is-layout-84029601 wp-block-group-is-layout-flow\">\n<figure class=\"wp-block-image size-full wp-duotone-unset-1\"><img data-recalc-dims=\"1\" loading=\"lazy\" decoding=\"async\" width=\"480\" height=\"480\" data-attachment-id=\"47\" data-permalink=\"https:\/\/joanescolatastings.com\/en\/mezcal-2\/\" data-orig-file=\"https:\/\/i0.wp.com\/joanescolatastings.com\/wp-content\/uploads\/2025\/07\/mezcal-1.png?fit=480%2C480&amp;ssl=1\" data-orig-size=\"480,480\" data-comments-opened=\"1\" data-image-meta=\"{&quot;aperture&quot;:&quot;0&quot;,&quot;credit&quot;:&quot;&quot;,&quot;camera&quot;:&quot;&quot;,&quot;caption&quot;:&quot;&quot;,&quot;created_timestamp&quot;:&quot;0&quot;,&quot;copyright&quot;:&quot;&quot;,&quot;focal_length&quot;:&quot;0&quot;,&quot;iso&quot;:&quot;0&quot;,&quot;shutter_speed&quot;:&quot;0&quot;,&quot;title&quot;:&quot;&quot;,&quot;orientation&quot;:&quot;0&quot;}\" data-image-title=\"Mezcal\" data-image-description=\"\" data-image-caption=\"\" data-large-file=\"https:\/\/i0.wp.com\/joanescolatastings.com\/wp-content\/uploads\/2025\/07\/mezcal-1.png?fit=480%2C480&amp;ssl=1\" src=\"https:\/\/i0.wp.com\/joanescolatastings.com\/wp-content\/uploads\/2025\/07\/mezcal-1.png?resize=480%2C480&#038;ssl=1\" alt=\"Mezcal y Tequila\" class=\"wp-image-47\" style=\"aspect-ratio:1;object-fit:cover\"\/><\/figure>\n\n\n\n<div class=\"wp-block-group is-layout-flow wp-container-core-group-is-layout-39427029 wp-block-group-is-layout-flow\">\n<h3 class=\"wp-block-heading is-event-name\">Tequila and Mezcal Tasting<\/h3>\n\n\n\n<figure class=\"wp-block-table\"><table class=\"has-fixed-layout\"><tbody><tr><td colspan=\"3\">Category: Distillates<\/td><\/tr><\/tbody><\/table><\/figure>\n\n\n\n<p class=\"is-event-date has-small-font-size wp-block-paragraph\"><\/p>\n\n\n\n<figure class=\"wp-block-table\"><table class=\"has-fixed-layout\"><tbody><tr><td colspan=\"3\">Learn to differentiate between Mezcal and Tequila by taking a tour of the different areas and methods of production.<br>Mezcal and Tequila tasting experience, both famous distillates of the agave plant. Travel to Mexico without leaving your chair. The tasting is accompanied by a snack.<\/td><\/tr><\/tbody><\/table><\/figure>\n\n\n\n<p class=\"is-event-date has-small-font-size wp-block-paragraph\"><br>What does the tasting include?<\/p>\n\n\n\n<ul class=\"wp-block-list\">\n<li>Tasting of 3 tequilas and 2 mezcals<\/li>\n\n\n\n<li>Water<\/li>\n\n\n\n<li>Accompanying pica-pica<\/li>\n<\/ul>\n\n\n\n<div class=\"wp-block-buttons is-layout-flex wp-block-buttons-is-layout-flex\" style=\"margin-top:32px\">\n<div style=\"--wp--block-button--width: 100;\" class=\"wp-block-button has-custom-width wp-block-button__width wp-block-button__width-100\"><a class=\"wp-block-button__link wp-element-button\" href=\"https:\/\/fareharbor.com\/embeds\/book\/joanescolatastings\/items\/667876\/?full-items=yes&amp;flow=1478342\">Tequila &amp; Mezcal tasting reservation<\/a><\/div>\n<\/div>\n<\/div>\n<\/div>\n<\/div>\n\n\n\n<div class=\"wp-block-column is-layout-flow wp-container-core-column-is-layout-5eef52ef wp-block-column-is-layout-flow\">\n<div class=\"wp-block-group is-layout-flow wp-container-core-group-is-layout-84029601 wp-block-group-is-layout-flow\">\n<figure class=\"wp-block-image size-full wp-duotone-unset-2\"><img data-recalc-dims=\"1\" loading=\"lazy\" decoding=\"async\" width=\"560\" height=\"560\" data-attachment-id=\"26\" data-permalink=\"https:\/\/joanescolatastings.com\/en\/emporda\/\" data-orig-file=\"https:\/\/i0.wp.com\/joanescolatastings.com\/wp-content\/uploads\/2025\/07\/emporda.png?fit=560%2C560&amp;ssl=1\" data-orig-size=\"560,560\" data-comments-opened=\"1\" data-image-meta=\"{&quot;aperture&quot;:&quot;0&quot;,&quot;credit&quot;:&quot;&quot;,&quot;camera&quot;:&quot;&quot;,&quot;caption&quot;:&quot;&quot;,&quot;created_timestamp&quot;:&quot;0&quot;,&quot;copyright&quot;:&quot;&quot;,&quot;focal_length&quot;:&quot;0&quot;,&quot;iso&quot;:&quot;0&quot;,&quot;shutter_speed&quot;:&quot;0&quot;,&quot;title&quot;:&quot;&quot;,&quot;orientation&quot;:&quot;0&quot;}\" data-image-title=\"Emporda\u0300\" data-image-description=\"\" data-image-caption=\"\" data-large-file=\"https:\/\/i0.wp.com\/joanescolatastings.com\/wp-content\/uploads\/2025\/07\/emporda.png?fit=560%2C560&amp;ssl=1\" src=\"https:\/\/i0.wp.com\/joanescolatastings.com\/wp-content\/uploads\/2025\/07\/emporda.png?resize=560%2C560&#038;ssl=1\" alt=\"\" class=\"wp-image-26\" style=\"aspect-ratio:1;object-fit:cover\"\/><\/figure>\n\n\n\n<div class=\"wp-block-group is-layout-flow wp-container-core-group-is-layout-39427029 wp-block-group-is-layout-flow\">\n<h3 class=\"wp-block-heading is-event-name\">Catalan Wine Tasting<\/h3>\n\n\n\n<figure class=\"wp-block-table\"><table class=\"has-fixed-layout\"><tbody><tr><td colspan=\"3\">Category: Catalan wines<\/td><\/tr><\/tbody><\/table><\/figure>\n\n\n\n<p class=\"is-event-date has-small-font-size wp-block-paragraph\"><\/p>\n\n\n\n<figure class=\"wp-block-table\"><table class=\"has-fixed-layout\"><tbody><tr><td colspan=\"3\">A selection of 6 regional wines that reflect the diversity and richness of Catalonia's wine-growing tradition. The tasting is accompanied by a snack with typical regional products and a glass of sparkling wine to finish.<\/td><\/tr><\/tbody><\/table><\/figure>\n\n\n\n<p class=\"is-event-date has-small-font-size wp-block-paragraph\"><br>What does the tasting include?<\/p>\n\n\n\n<ul class=\"wp-block-list\">\n<li>Tasting of 6 Catalan wines<\/li>\n\n\n\n<li>Water<\/li>\n\n\n\n<li>Accompanying pica-pica<\/li>\n\n\n\n<li>Glass of sparkling wine<\/li>\n<\/ul>\n\n\n\n<div class=\"wp-block-buttons is-layout-flex wp-block-buttons-is-layout-flex\" style=\"margin-top:32px\">\n<div style=\"--wp--block-button--width: 100;\" class=\"wp-block-button has-custom-width wp-block-button__width wp-block-button__width-100\"><a class=\"wp-block-button__link wp-element-button\" href=\"https:\/\/fareharbor.com\/embeds\/book\/joanescolatastings\/items\/667896\/?full-items=yes&amp;flow=1478342\">Catalan wine tasting reservation<\/a><\/div>\n<\/div>\n<\/div>\n<\/div>\n<\/div>\n\n\n\n<div class=\"wp-block-column is-layout-flow wp-container-core-column-is-layout-5eef52ef wp-block-column-is-layout-flow\">\n<div class=\"wp-block-group is-layout-flow wp-container-core-group-is-layout-84029601 wp-block-group-is-layout-flow\">\n<figure class=\"wp-block-image size-full wp-duotone-unset-3\"><img data-recalc-dims=\"1\" loading=\"lazy\" decoding=\"async\" width=\"560\" height=\"560\" data-attachment-id=\"25\" data-permalink=\"https:\/\/joanescolatastings.com\/en\/aperitivo\/\" data-orig-file=\"https:\/\/i0.wp.com\/joanescolatastings.com\/wp-content\/uploads\/2025\/07\/aperitivo.jpg?fit=560%2C560&amp;ssl=1\" data-orig-size=\"560,560\" data-comments-opened=\"1\" data-image-meta=\"{&quot;aperture&quot;:&quot;0&quot;,&quot;credit&quot;:&quot;&quot;,&quot;camera&quot;:&quot;&quot;,&quot;caption&quot;:&quot;&quot;,&quot;created_timestamp&quot;:&quot;0&quot;,&quot;copyright&quot;:&quot;&quot;,&quot;focal_length&quot;:&quot;0&quot;,&quot;iso&quot;:&quot;0&quot;,&quot;shutter_speed&quot;:&quot;0&quot;,&quot;title&quot;:&quot;&quot;,&quot;orientation&quot;:&quot;0&quot;}\" data-image-title=\"Aperitivo\" data-image-description=\"\" data-image-caption=\"\" data-large-file=\"https:\/\/i0.wp.com\/joanescolatastings.com\/wp-content\/uploads\/2025\/07\/aperitivo.jpg?fit=560%2C560&amp;ssl=1\" src=\"https:\/\/i0.wp.com\/joanescolatastings.com\/wp-content\/uploads\/2025\/07\/aperitivo.jpg?resize=560%2C560&#038;ssl=1\" alt=\"\" class=\"wp-image-25\" style=\"aspect-ratio:1;object-fit:cover\"\/><\/figure>\n\n\n\n<div class=\"wp-block-group is-layout-flow wp-container-core-group-is-layout-39427029 wp-block-group-is-layout-flow\">\n<h3 class=\"wp-block-heading is-event-name\">The authentic Italian aperitif<\/h3>\n\n\n\n<figure class=\"wp-block-table\"><table class=\"has-fixed-layout\"><tbody><tr><td colspan=\"3\">Category: Aperitif liqueur<\/td><\/tr><\/tbody><\/table><\/figure>\n\n\n\n<p class=\"is-event-date has-small-font-size wp-block-paragraph\"><\/p>\n\n\n\n<figure class=\"wp-block-table\"><table class=\"has-fixed-layout\"><tbody><tr><td colspan=\"3\">Selection of Italian Aperitifs and Spritz with ideal pairing to whet your appetite. A journey through the art of the good Italian aperitif. The tasting is accompanied by a snack with typical Italian products.<\/td><\/tr><\/tbody><\/table><\/figure>\n\n\n\n<p class=\"wp-block-paragraph\"><\/p>\n\n\n\n<p class=\"is-event-date has-small-font-size wp-block-paragraph\"><br>What does the tasting include?<\/p>\n\n\n\n<ul class=\"wp-block-list\">\n<li>Tasting of 3 cocktails<\/li>\n\n\n\n<li>Water<\/li>\n\n\n\n<li>Accompanying Italian pica-pica<\/li>\n<\/ul>\n\n\n\n<div class=\"wp-block-buttons is-layout-flex wp-block-buttons-is-layout-flex\" style=\"margin-top:32px\">\n<div style=\"--wp--block-button--width: 100;\" class=\"wp-block-button has-custom-width wp-block-button__width wp-block-button__width-100\"><a class=\"wp-block-button__link wp-element-button\" href=\"https:\/\/fareharbor.com\/embeds\/book\/joanescolatastings\/items\/667895\/?full-items=yes&amp;flow=1478342\">Italian Aperitif tasting reservation<\/a><\/div>\n<\/div>\n<\/div>\n<\/div>\n<\/div>\n<\/div>\n<\/div>\n\n\n\n<div class=\"wp-block-columns is-layout-flex wp-container-core-columns-is-layout-92db96b8 wp-block-columns-is-layout-flex\">\n<div class=\"wp-block-column is-layout-flow wp-block-column-is-layout-flow\">\n<figure class=\"wp-block-image size-large\"><img data-recalc-dims=\"1\" loading=\"lazy\" decoding=\"async\" width=\"1024\" height=\"569\" data-attachment-id=\"424\" data-permalink=\"https:\/\/joanescolatastings.com\/en\/catas-y-degustaciones\/joan\/\" data-orig-file=\"https:\/\/i0.wp.com\/joanescolatastings.com\/wp-content\/uploads\/2026\/01\/Joan.png?fit=1800%2C1000&amp;ssl=1\" data-orig-size=\"1800,1000\" data-comments-opened=\"1\" data-image-meta=\"{&quot;aperture&quot;:&quot;0&quot;,&quot;credit&quot;:&quot;&quot;,&quot;camera&quot;:&quot;&quot;,&quot;caption&quot;:&quot;&quot;,&quot;created_timestamp&quot;:&quot;0&quot;,&quot;copyright&quot;:&quot;&quot;,&quot;focal_length&quot;:&quot;0&quot;,&quot;iso&quot;:&quot;0&quot;,&quot;shutter_speed&quot;:&quot;0&quot;,&quot;title&quot;:&quot;&quot;,&quot;orientation&quot;:&quot;0&quot;}\" data-image-title=\"Joan\" data-image-description=\"\" data-image-caption=\"\" data-large-file=\"https:\/\/i0.wp.com\/joanescolatastings.com\/wp-content\/uploads\/2026\/01\/Joan.png?fit=1024%2C569&amp;ssl=1\" src=\"https:\/\/i0.wp.com\/joanescolatastings.com\/wp-content\/uploads\/2026\/01\/Joan.png?resize=1024%2C569&#038;ssl=1\" alt=\"\" class=\"wp-image-424\" srcset=\"https:\/\/i0.wp.com\/joanescolatastings.com\/wp-content\/uploads\/2026\/01\/Joan.png?resize=1024%2C569&amp;ssl=1 1024w, https:\/\/i0.wp.com\/joanescolatastings.com\/wp-content\/uploads\/2026\/01\/Joan.png?resize=300%2C167&amp;ssl=1 300w, https:\/\/i0.wp.com\/joanescolatastings.com\/wp-content\/uploads\/2026\/01\/Joan.png?resize=768%2C427&amp;ssl=1 768w, https:\/\/i0.wp.com\/joanescolatastings.com\/wp-content\/uploads\/2026\/01\/Joan.png?resize=1536%2C853&amp;ssl=1 1536w, https:\/\/i0.wp.com\/joanescolatastings.com\/wp-content\/uploads\/2026\/01\/Joan.png?resize=18%2C10&amp;ssl=1 18w, https:\/\/i0.wp.com\/joanescolatastings.com\/wp-content\/uploads\/2026\/01\/Joan.png?resize=1200%2C667&amp;ssl=1 1200w, https:\/\/i0.wp.com\/joanescolatastings.com\/wp-content\/uploads\/2026\/01\/Joan.png?w=1800&amp;ssl=1 1800w\" sizes=\"auto, (max-width: 1000px) 100vw, 1000px\" \/><\/figure>\n<\/div>\n\n\n\n<div class=\"wp-block-column is-layout-flow wp-block-column-is-layout-flow\">\n<p class=\"wp-block-paragraph\">First Friday of every month we invite you to a blind tasting at the Hotel Restaurant Calasanz, in Molins de Rei. The tasting will be led by Joan Escol\u00e0 and paired with high-end products from the restaurant. We invite you to take part in this fun activity in a private room with exceptional service.<\/p>\n<\/div>\n<\/div>\n\n\n\n<div class=\"wp-block-buttons is-layout-flex wp-block-buttons-is-layout-flex\" style=\"margin-top:32px\">\n<div style=\"--wp--block-button--width: 100;\" class=\"wp-block-button has-custom-width wp-block-button__width wp-block-button__width-100\"><a class=\"wp-block-button__link wp-element-button\" href=\"https:\/\/joanescolatastings.com\/contacto\/\">Book a tasting at the Hotel Restaurante Calasanz<\/a><\/div>\n<\/div>\n\n\n\n<div class=\"wp-block-columns is-layout-flex wp-container-core-columns-is-layout-92db96b8 wp-block-columns-is-layout-flex\">\n<div class=\"wp-block-column is-layout-flow wp-block-column-is-layout-flow\"><\/div>\n<\/div>\n\n\n\n<p class=\"wp-block-paragraph\"><\/p>\n\n\n\n<div class=\"wp-block-columns is-layout-flex wp-container-core-columns-is-layout-92db96b8 wp-block-columns-is-layout-flex\">\n<div class=\"wp-block-column is-layout-flow wp-block-column-is-layout-flow\">\n<p class=\"has-text-align-center wp-block-paragraph\" style=\"font-size:clamp(0.875rem, 0.875rem + ((1vw - 0.2rem) * 0.051), 0.9rem);letter-spacing:0.06em\">Joan Escol\u00e0 Tastings<\/p>\n<\/div>\n\n\n\n<div class=\"wp-block-column is-layout-flow wp-block-column-is-layout-flow\">\n<p class=\"has-text-align-center wp-block-paragraph\" style=\"font-size:clamp(0.875rem, 0.875rem + ((1vw - 0.2rem) * 0.051), 0.9rem);letter-spacing:0.06em\"><a href=\"jestastings@gmail.com\" data-type=\"link\" data-id=\"jestastings@gmail.com\">jestastings@gmail.com<\/a><br>+34 656 80 40 57<\/p>\n<\/div>\n<\/div>\n\n\n\n<p class=\"wp-block-paragraph\">We offer tastings focused on the discovery of the product and the enjoyment of the moment. <\/p>","protected":false},"excerpt":{"rendered":"<p>Ambiente privado Espacio polivalente. Bodega 200m2 con barra y sal\u00f3n en el subsuelo del Magatzem Escol\u00e0. Producto exclusivo Escol\u00e0 Vins i Destil\u00b7lats es un referente de la distribuci\u00f3n de vinos y destilados en Catalu\u00f1a. Cata desenfadada Nuestras catas son informales, enfocadas en el descubrimiento del producto y el disfrute del momento. Catas Cata Tequila y [&hellip;]<\/p>\n","protected":false},"author":268775915,"featured_media":0,"parent":0,"menu_order":0,"comment_status":"closed","ping_status":"closed","template":"","meta":{"_crdt_document":"","advanced_seo_description":"","jetpack_seo_html_title":"","jetpack_seo_noindex":false,"jetpack_post_was_ever_published":false,"footnotes":""},"class_list":["post-87","page","type-page","status-publish","hentry"],"jetpack_likes_enabled":true,"jetpack_sharing_enabled":true,"jetpack_shortlink":"https:\/\/wp.me\/PgGgOn-1p","jetpack-related-posts":[],"_links":{"self":[{"href":"https:\/\/joanescolatastings.com\/en\/wp-json\/wp\/v2\/pages\/87","targetHints":{"allow":["GET"]}}],"collection":[{"href":"https:\/\/joanescolatastings.com\/en\/wp-json\/wp\/v2\/pages"}],"about":[{"href":"https:\/\/joanescolatastings.com\/en\/wp-json\/wp\/v2\/types\/page"}],"author":[{"embeddable":true,"href":"https:\/\/joanescolatastings.com\/en\/wp-json\/wp\/v2\/users\/268775915"}],"replies":[{"embeddable":true,"href":"https:\/\/joanescolatastings.com\/en\/wp-json\/wp\/v2\/comments?post=87"}],"version-history":[{"count":60,"href":"https:\/\/joanescolatastings.com\/en\/wp-json\/wp\/v2\/pages\/87\/revisions"}],"predecessor-version":[{"id":469,"href":"https:\/\/joanescolatastings.com\/en\/wp-json\/wp\/v2\/pages\/87\/revisions\/469"}],"wp:attachment":[{"href":"https:\/\/joanescolatastings.com\/en\/wp-json\/wp\/v2\/media?parent=87"}],"curies":[{"name":"wp","href":"https:\/\/api.w.org\/{rel}","templated":true}]}}